{"id":10493,"date":"2025-02-18T12:09:16","date_gmt":"2025-02-18T18:09:16","guid":{"rendered":"https:\/\/interbiznet.net\/nuestro-equipo\/"},"modified":"2025-09-25T10:45:53","modified_gmt":"2025-09-25T16:45:53","slug":"our-team","status":"publish","type":"page","link":"https:\/\/interbiznet.net\/en\/our-team\/","title":{"rendered":"Our Team"},"content":{"rendered":"\n<div class=\"wp-block-uagb-container uagb-block-uglspf5g alignfull uagb-is-root-container\"><div class=\"uagb-container-inner-blocks-wrap\">\n<div class=\"wp-block-uagb-info-box uagb-block-mcoiotmv uagb-infobox__content-wrap  uagb-infobox-icon-above-title uagb-infobox-image-valign-top\"><div class=\"uagb-ifb-content\"><div class=\"uagb-ifb-title-wrap\"><\/div><p class=\"uagb-ifb-desc\">In <strong>INTERBIZNET<\/strong>, we have a highly qualified team in legal advice, incorporation of companies, accounting services and registration of trademarks in El Salvador. Our mission is to provide strategic solutions for the success of your business.<\/p><\/div><\/div>\n\n\n\n<div class=\"wp-block-uagb-container uagb-layout-grid uagb-block-vekxhzxs\">\n<div class=\"wp-block-uagb-container uagb-block-4jj1ricb\">\n<div class=\"wp-block-uagb-image aligncenter uagb-block-pdlnwzc1 wp-block-uagb-image--layout-default wp-block-uagb-image--effect-static wp-block-uagb-image--align-center\"><figure class=\"wp-block-uagb-image__figure\"><a class=\"\" href=\"https:\/\/interbiznet.net\/en\/consultant-accounting\/\" target=\"\" rel=\"noopener\"><img decoding=\"async\"  sizes=\"auto, (max-width: 480px) 150px\" src=\"https:\/\/interbiznet.net\/wp-content\/uploads\/2025\/02\/person_11514703.png\" alt=\"Edwin Jenner Quite\u00f1o Ju\u00e1rez - Image of an accountant working in San Salvador on financial reports\" width=\"64\" height=\"64\" title=\"Edwin Jenner Quite\u00f1o Ju\u00e1rez - Certified Accountants in San Salvador \u2013 Expert Tax Support\" loading=\"lazy\" role=\"img\"\/><\/a><\/figure><\/div>\n\n\n\n<div class=\"wp-block-uagb-info-box uagb-block-bdn6hw7m uagb-infobox__content-wrap  uagb-infobox_cta-type-all uagb-infobox-icon-above-title uagb-infobox-image-valign-top\"><a href=\"https:\/\/interbiznet.net\/en\/consultant-accounting\/\" class=\"uagb-infobox-link-wrap uagb-infbox__link-to-all\" target=\"_self\" aria-label=\"Infobox Link\" rel=\"noopener noreferrer\" onclick=\"return true;\"><\/a><div class=\"uagb-ifb-content\"><div class=\"uagb-ifb-title-wrap\"><p class=\"uagb-ifb-title\">Edwin Jenner Quite\u00f1o Ju\u00e1rez<\/p><\/div><p class=\"uagb-ifb-desc\">&#8211;<\/p><div class=\"uagb-ifb-button-wrapper wp-block-button\"><\/div><\/div><\/div>\n<\/div>\n\n\n\n<div class=\"wp-block-uagb-container uagb-block-lkrusxay\">\n<div class=\"wp-block-uagb-image aligncenter uagb-block-mze7sluk wp-block-uagb-image--layout-default wp-block-uagb-image--effect-static wp-block-uagb-image--align-center\"><figure class=\"wp-block-uagb-image__figure\"><a class=\"\" href=\"https:\/\/interbiznet.net\/en\/accounting-supervisor\/\" target=\"\" rel=\"noopener\"><img decoding=\"async\"  sizes=\"auto, (max-width: 480px) 150px\" src=\"https:\/\/interbiznet.net\/wp-content\/uploads\/2025\/02\/person_11514773.png\" alt=\"Professional team of accountants in El Salvador offering tax advice\" width=\"64\" height=\"64\" title=\"Trusted Accountants in El Salvador for Small Businesses\" loading=\"lazy\" role=\"img\"\/><\/a><\/figure><\/div>\n\n\n\n<div class=\"wp-block-uagb-info-box uagb-block-9d0bqhhg uagb-infobox__content-wrap  uagb-infobox_cta-type-all uagb-infobox-icon-above-title uagb-infobox-image-valign-top\"><a href=\"https:\/\/interbiznet.net\/en\/accounting-supervisor\/\" class=\"uagb-infobox-link-wrap uagb-infbox__link-to-all\" target=\"_self\" aria-label=\"Infobox Link\" rel=\"noopener noreferrer\" onclick=\"return true;\"><\/a><div class=\"uagb-ifb-content\"><div class=\"uagb-ifb-title-wrap\"><p class=\"uagb-ifb-title\">Paola Lissette Cardoza de Mena<\/p><\/div><p class=\"uagb-ifb-desc\">&#8211;<\/p><div class=\"uagb-ifb-button-wrapper wp-block-button\"><\/div><\/div><\/div>\n<\/div>\n\n\n\n<div class=\"wp-block-uagb-container uagb-block-l6jmibff\">\n<div class=\"wp-block-uagb-image aligncenter uagb-block-nkykaoiz wp-block-uagb-image--layout-default wp-block-uagb-image--effect-static wp-block-uagb-image--align-center\"><figure class=\"wp-block-uagb-image__figure\"><a class=\"\" href=\"https:\/\/interbiznet.net\/en\/accounting-assistant-el-salvador-1\/\" target=\"\" rel=\"noopener\"><img decoding=\"async\"  sizes=\"auto, (max-width: 480px) 150px\" src=\"https:\/\/interbiznet.net\/wp-content\/uploads\/2025\/02\/person_11514703.png\" alt=\"Accounting assistant managing bookkeeping and expense tracking\" width=\"64\" height=\"64\" title=\"Professional Accounting Services in San Salvador\" loading=\"lazy\" role=\"img\"\/><\/a><\/figure><\/div>\n\n\n\n<div class=\"wp-block-uagb-info-box uagb-block-ay5lqyhz uagb-infobox__content-wrap  uagb-infobox_cta-type-all uagb-infobox-icon-above-title uagb-infobox-image-valign-top\"><a href=\"https:\/\/interbiznet.net\/en\/accounting-assistant-el-salvador-1\/\" class=\"uagb-infobox-link-wrap uagb-infbox__link-to-all\" target=\"_self\" aria-label=\"Infobox Link\" rel=\"noopener noreferrer\" onclick=\"return true;\"><\/a><div class=\"uagb-ifb-content\"><div class=\"uagb-ifb-title-wrap\"><p class=\"uagb-ifb-title\">Jos\u00e9 Gerardo Osorio Murillo<\/p><\/div><p class=\"uagb-ifb-desc\">&#8211;<\/p><div class=\"uagb-ifb-button-wrapper wp-block-button\"><\/div><\/div><\/div>\n<\/div>\n\n\n\n<div class=\"wp-block-uagb-container uagb-block-si10xuzr\">\n<div class=\"wp-block-uagb-image aligncenter uagb-block-wgg1uzk2 wp-block-uagb-image--layout-default wp-block-uagb-image--effect-static wp-block-uagb-image--align-center\"><figure class=\"wp-block-uagb-image__figure\"><a class=\"\" href=\"https:\/\/interbiznet.net\/en\/accounting-assistant-el-salvador-2\/\" target=\"\" rel=\"noopener\"><img decoding=\"async\"  sizes=\"auto, (max-width: 480px) 150px\" src=\"https:\/\/interbiznet.net\/wp-content\/uploads\/2025\/02\/person_11514773.png\" alt=\"Financial consultant reviewing investment options with a client\" width=\"64\" height=\"64\" title=\"Experienced Financial Consultant in El Salvador\" loading=\"lazy\" role=\"img\"\/><\/a><\/figure><\/div>\n\n\n\n<div class=\"wp-block-uagb-info-box uagb-block-jktfgfgp uagb-infobox__content-wrap  uagb-infobox_cta-type-all uagb-infobox-icon-above-title uagb-infobox-image-valign-top\"><a href=\"https:\/\/interbiznet.net\/en\/accounting-assistant-el-salvador-2\/\" class=\"uagb-infobox-link-wrap uagb-infbox__link-to-all\" target=\"_self\" aria-label=\"Infobox Link\" rel=\"noopener noreferrer\" onclick=\"return true;\"><\/a><div class=\"uagb-ifb-content\"><div class=\"uagb-ifb-title-wrap\"><p class=\"uagb-ifb-title\">Katherin Stefany Flores Rivera<\/p><\/div><p class=\"uagb-ifb-desc\">&#8211;<\/p><div class=\"uagb-ifb-button-wrapper wp-block-button\"><\/div><\/div><\/div>\n<\/div>\n\n\n\n<div class=\"wp-block-uagb-container uagb-block-6hwi5z3u\">\n<div class=\"wp-block-uagb-image aligncenter uagb-block-29zc6ixz wp-block-uagb-image--layout-default wp-block-uagb-image--effect-static wp-block-uagb-image--align-center\"><figure class=\"wp-block-uagb-image__figure\"><a class=\"\" href=\"https:\/\/interbiznet.net\/karina-aracely-andres-de-barahona\/\" target=\"\" rel=\"noopener\"><img decoding=\"async\"  sizes=\"auto, (max-width: 480px) 150px\" src=\"https:\/\/interbiznet.net\/wp-content\/uploads\/2025\/02\/person_11514773.png\" alt=\"Office scene with accountants offering VAT and income tax services\" width=\"64\" height=\"64\" title=\"Comprehensive Accounting Services for Businesses in El Salvador\" loading=\"lazy\" role=\"img\"\/><\/a><\/figure><\/div>\n\n\n\n<div class=\"wp-block-uagb-info-box uagb-block-eqd5hd7f uagb-infobox__content-wrap  uagb-infobox_cta-type-all uagb-infobox-icon-above-title uagb-infobox-image-valign-top\"><a href=\"https:\/\/interbiznet.net\/en\/electronic-invoicing-assistant-el-salvador-1\/\" class=\"uagb-infobox-link-wrap uagb-infbox__link-to-all\" target=\"_self\" aria-label=\"Infobox Link\" rel=\"noopener noreferrer\" onclick=\"return true;\"><\/a><div class=\"uagb-ifb-content\"><div class=\"uagb-ifb-title-wrap\"><p class=\"uagb-ifb-title\">Karina Aracely Andr\u00e9s de Barahona<\/p><\/div><p class=\"uagb-ifb-desc\">&#8211;<\/p><div class=\"uagb-ifb-button-wrapper wp-block-button\"><\/div><\/div><\/div>\n<\/div>\n\n\n\n<div class=\"wp-block-uagb-container uagb-block-d8nbfvkv\">\n<div class=\"wp-block-uagb-image aligncenter uagb-block-cdn5brsn wp-block-uagb-image--layout-default wp-block-uagb-image--effect-static wp-block-uagb-image--align-center\"><figure class=\"wp-block-uagb-image__figure\"><a class=\"\" href=\"https:\/\/interbiznet.net\/carlos-antonio-urquilla-alvarado\/\" target=\"\" rel=\"noopener\"><img decoding=\"async\"  sizes=\"auto, (max-width: 480px) 150px\" src=\"https:\/\/interbiznet.net\/wp-content\/uploads\/2025\/02\/person_11514703.png\" alt=\"Accounting services for businesses and entrepreneurs in El Salvador\" width=\"64\" height=\"64\" title=\"Reliable Accountants in San Salvador for Tax and Audit\" loading=\"lazy\" role=\"img\"\/><\/a><\/figure><\/div>\n\n\n\n<div class=\"wp-block-uagb-info-box uagb-block-6wwuwp4a uagb-infobox__content-wrap  uagb-infobox_cta-type-all uagb-infobox-icon-above-title uagb-infobox-image-valign-top\"><a href=\"https:\/\/interbiznet.net\/en\/accounting-assistant-el-salvador-4\/\" class=\"uagb-infobox-link-wrap uagb-infbox__link-to-all\" target=\"_self\" aria-label=\"Infobox Link\" rel=\"noopener noreferrer\" onclick=\"return true;\"><\/a><div class=\"uagb-ifb-content\"><div class=\"uagb-ifb-title-wrap\"><p class=\"uagb-ifb-title\">Carlos Antonio Urquilla Alvarado<\/p><\/div><p class=\"uagb-ifb-desc\">&#8211;<\/p><div class=\"uagb-ifb-button-wrapper wp-block-button\"><\/div><\/div><\/div>\n<\/div>\n\n\n\n<div class=\"wp-block-uagb-container uagb-block-xaku92tc\">\n<div class=\"wp-block-uagb-image aligncenter uagb-block-wptyuinx wp-block-uagb-image--layout-default wp-block-uagb-image--effect-static wp-block-uagb-image--align-center\"><figure class=\"wp-block-uagb-image__figure\"><a class=\"\" href=\"https:\/\/interbiznet.net\/brenda-guadalupe-jimenez-vasquez\/\" target=\"\" rel=\"noopener\"><img decoding=\"async\"  sizes=\"auto, (max-width: 480px) 150px\" src=\"https:\/\/interbiznet.net\/wp-content\/uploads\/2025\/02\/person_11514773.png\" alt=\"Certified public accountant in El Salvador during client consultation\" width=\"64\" height=\"64\" title=\"Financial Consultancy and Tax Planning in El Salvador\" loading=\"lazy\" role=\"img\"\/><\/a><\/figure><\/div>\n\n\n\n<div class=\"wp-block-uagb-info-box uagb-block-mdn9vxmh uagb-infobox__content-wrap  uagb-infobox_cta-type-all uagb-infobox-icon-above-title uagb-infobox-image-valign-top\"><a href=\"https:\/\/interbiznet.net\/en\/accounting-assistant-el-salvador-5\/\" class=\"uagb-infobox-link-wrap uagb-infbox__link-to-all\" target=\"_self\" aria-label=\"Infobox Link\" rel=\"noopener noreferrer\" onclick=\"return true;\"><\/a><div class=\"uagb-ifb-content\"><div class=\"uagb-ifb-title-wrap\"><p class=\"uagb-ifb-title\">Brenda Guadalupe Jim\u00e9nez V\u00e1squez<\/p><\/div><p class=\"uagb-ifb-desc\">&#8211;<\/p><div class=\"uagb-ifb-button-wrapper wp-block-button\"><\/div><\/div><\/div>\n<\/div>\n\n\n\n<div class=\"wp-block-uagb-container uagb-block-81589094\">\n<div class=\"wp-block-uagb-image aligncenter uagb-block-9ed96b9a wp-block-uagb-image--layout-default wp-block-uagb-image--effect-static wp-block-uagb-image--align-center\"><figure class=\"wp-block-uagb-image__figure\"><a class=\"\" href=\"https:\/\/interbiznet.net\/maria-alejandra-vasquez-cabrera\/\" target=\"\" rel=\"noopener\"><img decoding=\"async\"  sizes=\"auto, (max-width: 480px) 150px\" src=\"https:\/\/interbiznet.net\/wp-content\/uploads\/2025\/02\/person_11514773.png\" alt=\"Young accounting assistant using accounting software in San Salvador\" width=\"64\" height=\"64\" title=\"Dedicated Accounting Assistants for Corporate Finance\" loading=\"lazy\" role=\"img\"\/><\/a><\/figure><\/div>\n\n\n\n<div class=\"wp-block-uagb-info-box uagb-block-dc862f7e uagb-infobox__content-wrap  uagb-infobox_cta-type-all uagb-infobox-icon-above-title uagb-infobox-image-valign-top\"><a href=\"https:\/\/interbiznet.net\/en\/payroll-manager-el-salvador-1\/\" class=\"uagb-infobox-link-wrap uagb-infbox__link-to-all\" target=\"_self\" aria-label=\"Infobox Link\" rel=\"noopener noreferrer\" onclick=\"return true;\"><\/a><div class=\"uagb-ifb-content\"><div class=\"uagb-ifb-title-wrap\"><p class=\"uagb-ifb-title\">Mar\u00eda Alejandra V\u00e1squez Cabrera<\/p><\/div><p class=\"uagb-ifb-desc\">&#8211;<\/p><div class=\"uagb-ifb-button-wrapper wp-block-button\"><\/div><\/div><\/div>\n<\/div>\n\n\n\n<div class=\"wp-block-uagb-container uagb-block-8d4b3f10\">\n<div class=\"wp-block-uagb-image aligncenter uagb-block-6616f1c3 wp-block-uagb-image--layout-default wp-block-uagb-image--effect-static wp-block-uagb-image--align-center\"><figure class=\"wp-block-uagb-image__figure\"><img decoding=\"async\"  sizes=\"auto, (max-width: 480px) 150px\" src=\"https:\/\/interbiznet.net\/wp-content\/uploads\/2025\/02\/person_11514773.png\" alt=\"Financial consultant preparing a company\u2019s annual financial report\" width=\"64\" height=\"64\" title=\"Accountants in El Salvador \u2013 VAT, Income Tax &amp; Payroll Experts\" loading=\"lazy\" role=\"img\"\/><\/figure><\/div>\n\n\n\n<div class=\"wp-block-uagb-info-box uagb-block-476cc24d uagb-infobox__content-wrap  uagb-infobox-icon-above-title uagb-infobox-image-valign-top\"><div class=\"uagb-ifb-content\"><div class=\"uagb-ifb-title-wrap\"><p class=\"uagb-ifb-title\">Sofia Abigail Oliva Hern\u00e1ndez<\/p><\/div><p class=\"uagb-ifb-desc\">&#8211;<\/p><\/div><\/div>\n<\/div>\n\n\n\n<div class=\"wp-block-uagb-container uagb-block-4cd14fbe\">\n<div class=\"wp-block-uagb-image aligncenter uagb-block-cbc18686 wp-block-uagb-image--layout-default wp-block-uagb-image--effect-static wp-block-uagb-image--align-center\"><figure class=\"wp-block-uagb-image__figure\"><a class=\"\" href=\"https:\/\/interbiznet.net\/en\/accounting-assistant-el-salvador-6\/\" target=\"\" rel=\"noopener\"><img decoding=\"async\"  sizes=\"auto, (max-width: 480px) 150px\" src=\"https:\/\/interbiznet.net\/wp-content\/uploads\/2025\/02\/person_11514703.png\" alt=\"Professional team of accountants in El Salvador offering tax advice\" width=\"64\" height=\"64\" title=\"Professional Accounting Services in San Salvador\" loading=\"lazy\" role=\"img\"\/><\/a><\/figure><\/div>\n\n\n\n<div class=\"wp-block-uagb-info-box uagb-block-b58bcbe5 uagb-infobox__content-wrap  uagb-infobox_cta-type-all uagb-infobox-icon-above-title uagb-infobox-image-valign-top\"><a href=\"https:\/\/interbiznet.net\/en\/accounting-assistant-el-salvador-6\/\" class=\"uagb-infobox-link-wrap uagb-infbox__link-to-all\" target=\"_self\" aria-label=\"Infobox Link\" rel=\"noopener noreferrer\" onclick=\"return true;\"><\/a><div class=\"uagb-ifb-content\"><div class=\"uagb-ifb-title-wrap\"><p class=\"uagb-ifb-title\">Jos\u00e9 Mois\u00e9s D\u00edaz Sol\u00f3rzano<\/p><\/div><p class=\"uagb-ifb-desc\">&#8211;<\/p><div class=\"uagb-ifb-button-wrapper wp-block-button\"><\/div><\/div><\/div>\n<\/div>\n<\/div>\n<\/div><\/div>\n\n\n\n<div class=\"wp-block-uagb-container uagb-block-wjm0abcx alignfull uagb-is-root-container\"><div class=\"uagb-container-inner-blocks-wrap\">\n<div class=\"wp-block-uagb-info-box uagb-block-ulta17rx uagb-infobox__content-wrap  uagb-infobox-icon-above-title uagb-infobox-image-valign-top\"><div class=\"uagb-ifb-content\"><div class=\"uagb-ifb-title-wrap\"><h2 class=\"uagb-ifb-title\">Request our accounting services<\/h2><\/div><p class=\"uagb-ifb-desc\">Contact us<\/p><\/div><\/div>\n\n\n\n<div class=\"wp-block-uagb-buttons uagb-buttons__outer-wrap uagb-btn__default-btn uagb-btn-tablet__default-btn uagb-btn-mobile__default-btn uagb-block-nq6qjyrx\"><div class=\"uagb-buttons__wrap uagb-buttons-layout-wrap \">\n<div class=\"wp-block-uagb-buttons-child uagb-buttons__outer-wrap uagb-block-ifprn91m wp-block-button\"><div class=\"uagb-button__wrapper\"><a class=\"uagb-buttons-repeater wp-block-button__link\" aria-label=\"\" href=\"https:\/\/interbiznet.net\/en\/contact-lawyers-in-el-salvador\/\" rel=\"follow noopener\" target=\"_blank\" role=\"button\"><div class=\"uagb-button__link\">Request<\/div><\/a><\/div><\/div>\n<\/div><\/div>\n<\/div><\/div>\n","protected":false},"excerpt":{"rendered":"<p>In INTERBIZNET, we have a highly qualified team in legal advice, incorporation of companies, accounting services and registration of trademarks in El Salvador. Our mission is to provide strategic solutions for the success of your business. Edwin Jenner Quite\u00f1o Ju\u00e1rez- Paola Lissette Cardoza de Mena- Jos\u00e9 Gerardo Osorio Murillo- Katherin Stefany Flores Rivera- Karina Aracely&hellip;<\/p>\n","protected":false},"author":5,"featured_media":0,"parent":0,"menu_order":0,"comment_status":"closed","ping_status":"closed","template":"","meta":{"rs_blank_template":"","rs_page_bg_color":"","slide_template_v7":"","_uag_custom_page_level_css":"","_joinchat":[],"footnotes":""},"categories":[],"tags":[],"class_list":["post-10493","page","type-page","status-publish","hentry","description-off"],"yoast_head":"<!-- This site is optimized with the Yoast SEO Premium plugin v27.0 (Yoast SEO v27.3) - https:\/\/yoast.com\/product\/yoast-seo-premium-wordpress\/ -->\n<title>Our Team - Accountants in El Salvador<\/title>\n<meta name=\"robots\" content=\"index, follow, max-snippet:-1, max-image-preview:large, max-video-preview:-1\" \/>\n<link rel=\"canonical\" href=\"https:\/\/interbiznet.net\/en\/our-team\/\" \/>\n<meta property=\"og:locale\" content=\"en_US\" \/>\n<meta property=\"og:type\" content=\"article\" \/>\n<meta property=\"og:title\" content=\"Our Team\" \/>\n<meta property=\"og:url\" content=\"https:\/\/interbiznet.net\/en\/our-team\/\" \/>\n<meta property=\"og:site_name\" content=\"Interbiznet - Abogados en El Salvador\" \/>\n<meta property=\"article:publisher\" content=\"https:\/\/www.facebook.com\/interbiznet\/\" \/>\n<meta property=\"article:modified_time\" content=\"2025-09-25T16:45:53+00:00\" \/>\n<meta property=\"og:image\" content=\"https:\/\/interbiznet.net\/wp-content\/uploads\/2025\/02\/person_11514703.png\" \/>\n<meta name=\"twitter:card\" content=\"summary_large_image\" \/>\n<meta name=\"twitter:site\" content=\"@InterbiznetSV\" \/>\n<meta name=\"twitter:label1\" content=\"Est. reading time\" \/>\n\t<meta name=\"twitter:data1\" content=\"3 minutes\" \/>\n<!-- \/ Yoast SEO Premium plugin. -->","yoast_head_json":{"title":"Our Team - Accountants in El Salvador","robots":{"index":"index","follow":"follow","max-snippet":"max-snippet:-1","max-image-preview":"max-image-preview:large","max-video-preview":"max-video-preview:-1"},"canonical":"https:\/\/interbiznet.net\/en\/our-team\/","og_locale":"en_US","og_type":"article","og_title":"Our Team","og_url":"https:\/\/interbiznet.net\/en\/our-team\/","og_site_name":"Interbiznet - Abogados en El Salvador","article_publisher":"https:\/\/www.facebook.com\/interbiznet\/","article_modified_time":"2025-09-25T16:45:53+00:00","og_image":[{"url":"https:\/\/interbiznet.net\/wp-content\/uploads\/2025\/02\/person_11514703.png","type":"","width":"","height":""}],"twitter_card":"summary_large_image","twitter_site":"@InterbiznetSV","twitter_misc":{"Est. reading time":"3 minutes"},"schema":{"@context":"https:\/\/schema.org","@graph":[{"@type":"WebPage","@id":"https:\/\/interbiznet.net\/en\/our-team\/","url":"https:\/\/interbiznet.net\/en\/our-team\/","name":"Our Team - Accountants in El Salvador","isPartOf":{"@id":"https:\/\/interbiznet.net\/en\/#website"},"primaryImageOfPage":{"@id":"https:\/\/interbiznet.net\/en\/our-team\/#primaryimage"},"image":{"@id":"https:\/\/interbiznet.net\/en\/our-team\/#primaryimage"},"thumbnailUrl":"https:\/\/interbiznet.net\/wp-content\/uploads\/2025\/02\/person_11514703.png","datePublished":"2025-02-18T18:09:16+00:00","dateModified":"2025-09-25T16:45:53+00:00","breadcrumb":{"@id":"https:\/\/interbiznet.net\/en\/our-team\/#breadcrumb"},"inLanguage":"en-US","potentialAction":[{"@type":"ReadAction","target":["https:\/\/interbiznet.net\/en\/our-team\/"]}]},{"@type":"ImageObject","inLanguage":"en-US","@id":"https:\/\/interbiznet.net\/en\/our-team\/#primaryimage","url":"https:\/\/interbiznet.net\/wp-content\/uploads\/2025\/02\/person_11514703.png","contentUrl":"https:\/\/interbiznet.net\/wp-content\/uploads\/2025\/02\/person_11514703.png"},{"@type":"BreadcrumbList","@id":"https:\/\/interbiznet.net\/en\/our-team\/#breadcrumb","itemListElement":[{"@type":"ListItem","position":1,"name":"Home","item":"https:\/\/interbiznet.net\/en\/"},{"@type":"ListItem","position":2,"name":"Our Team"}]},{"@type":"WebSite","@id":"https:\/\/interbiznet.net\/en\/#website","url":"https:\/\/interbiznet.net\/en\/","name":"Interbiznet - Abogados en El Salvador","description":"Bufete de abogados de El Salvador","publisher":{"@id":"https:\/\/interbiznet.net\/en\/#organization"},"alternateName":"Interbiznet - Contadores en El Salvador","potentialAction":[{"@type":"SearchAction","target":{"@type":"EntryPoint","urlTemplate":"https:\/\/interbiznet.net\/en\/?s={search_term_string}"},"query-input":{"@type":"PropertyValueSpecification","valueRequired":true,"valueName":"search_term_string"}}],"inLanguage":"en-US"},{"@type":["Organization","Place"],"@id":"https:\/\/interbiznet.net\/en\/#organization","name":"Interbiznet, S.A de C.V.; Firma de abogados y despacho contable en El Salvador","alternateName":"Interbiznet, Firma de Abogados y Despacho Contable","url":"https:\/\/interbiznet.net\/en\/","logo":{"@id":"https:\/\/interbiznet.net\/en\/our-team\/#local-main-organization-logo"},"image":{"@id":"https:\/\/interbiznet.net\/en\/our-team\/#local-main-organization-logo"},"sameAs":["https:\/\/www.facebook.com\/interbiznet\/","https:\/\/x.com\/InterbiznetSV","https:\/\/sv.linkedin.com\/company\/interbiznet","https:\/\/www.youtube.com\/@InterBizNetSanSalvador\/videos","https:\/\/www.instagram.com\/interbiznetsv\/"],"description":"Interbiznet le brinda asesor\u00eda legal y contable integral en El Salvador. Nuestro equipo de expertos le brinda soluciones personalizadas para su empresa, desde la constituci\u00f3n hasta la gesti\u00f3n fiscal. \u00a1Cont\u00e1ctenos hoy!","legalName":"Interbiznet, S.A de C.V.; Firma de abogados y despacho contable en El Salvador","foundingDate":"1992-05-12","numberOfEmployees":{"@type":"QuantitativeValue","minValue":"11","maxValue":"50"},"telephone":[],"openingHoursSpecification":[{"@type":"OpeningHoursSpecification","dayOfWeek":["Monday","Tuesday","Wednesday","Thursday","Friday","Saturday","Sunday"],"opens":"09:00","closes":"17:00"}]},{"@type":"ImageObject","inLanguage":"en-US","@id":"https:\/\/interbiznet.net\/en\/our-team\/#local-main-organization-logo","url":"https:\/\/interbiznet.net\/wp-content\/uploads\/2026\/01\/cropped-abogados-el-salvador-blog-logo-scaled-2.webp","contentUrl":"https:\/\/interbiznet.net\/wp-content\/uploads\/2026\/01\/cropped-abogados-el-salvador-blog-logo-scaled-2.webp","width":1978,"height":1978,"caption":"Interbiznet, S.A de C.V.; Firma de abogados y despacho contable en El Salvador"}]}},"uagb_featured_image_src":{"full":false,"thumbnail":false,"medium":false,"medium_large":false,"large":false,"1536x1536":false,"2048x2048":false,"woocommerce_thumbnail":false,"woocommerce_single":false,"woocommerce_gallery_thumbnail":false},"uagb_author_info":{"display_name":"Sobre el Equipo Legal y Contable de Interbiznet","author_link":"https:\/\/interbiznet.net\/en\/author\/interbiznet-firma-de-abogados-y-despacho-contable\/"},"uagb_comment_info":0,"uagb_excerpt":null,"_links":{"self":[{"href":"https:\/\/interbiznet.net\/en\/wp-json\/wp\/v2\/pages\/10493","targetHints":{"allow":["GET"]}}],"collection":[{"href":"https:\/\/interbiznet.net\/en\/wp-json\/wp\/v2\/pages"}],"about":[{"href":"https:\/\/interbiznet.net\/en\/wp-json\/wp\/v2\/types\/page"}],"author":[{"embeddable":true,"href":"https:\/\/interbiznet.net\/en\/wp-json\/wp\/v2\/users\/5"}],"replies":[{"embeddable":true,"href":"https:\/\/interbiznet.net\/en\/wp-json\/wp\/v2\/comments?post=10493"}],"version-history":[{"count":0,"href":"https:\/\/interbiznet.net\/en\/wp-json\/wp\/v2\/pages\/10493\/revisions"}],"wp:attachment":[{"href":"https:\/\/interbiznet.net\/en\/wp-json\/wp\/v2\/media?parent=10493"}],"wp:term":[{"taxonomy":"category","embeddable":true,"href":"https:\/\/interbiznet.net\/en\/wp-json\/wp\/v2\/categories?post=10493"},{"taxonomy":"post_tag","embeddable":true,"href":"https:\/\/interbiznet.net\/en\/wp-json\/wp\/v2\/tags?post=10493"}],"curies":[{"name":"wp","href":"https:\/\/api.w.org\/{rel}","templated":true}]}}