{"id":10595,"date":"2025-07-28T11:04:12","date_gmt":"2025-07-28T17:04:12","guid":{"rendered":"https:\/\/interbiznet.net\/?page_id=10595"},"modified":"2025-07-28T16:50:24","modified_gmt":"2025-07-28T22:50:24","slug":"accounting-assistant-el-salvador-6","status":"publish","type":"page","link":"https:\/\/interbiznet.net\/en\/accounting-assistant-el-salvador-6\/","title":{"rendered":"Jos\u00e9 Mois\u00e9s D\u00edaz Sol\u00f3rzano"},"content":{"rendered":"\n<div class=\"wp-block-uagb-container uagb-block-45ccac18 alignfull uagb-is-root-container\"><div class=\"uagb-container-inner-blocks-wrap\">\n<div class=\"wp-block-group is-nowrap is-layout-flex wp-container-core-group-is-layout-ad2f72ca wp-block-group-is-layout-flex\">\n<div class=\"wp-block-uagb-team uagb-team__image-position-above uagb-team__align-left uagb-team__stack-tablet uagb-block-4b2e631a\"><div class=\"uagb-team__content\"><h3 class=\"uagb-team__title\"><strong><strong><strong><strong><strong><strong><strong>Jos\u00e9 Mois\u00e9s D\u00edaz Sol\u00f3rzano<\/strong><\/strong><\/strong><\/strong><\/strong><\/strong><\/strong><\/h3><span class=\"uagb-team__prefix\"><em><em><em><em>Accounting Assistant.<\/em><\/em><\/em><\/em><\/span><p class=\"uagb-team__desc\">Professional with 11 years of experience in the accounting area, currently in the fourth year of the Bachelor&#8217;s Degree in Public Accounting at the Open Modular University of El Salvador. Consolidating an academic background oriented to financial analysis, tax management and accounting administration. This solid base is complemented by her practical experience in accounting for commercial and service companies, allowing her to effectively perform in different areas of the financial environment.<\/p><ul class=\"uagb-team__social-list\"><li class=\"uagb-team__social-icon\"><a href=\"https:\/\/twitter.com\/InterbiznetSV\" aria-label=\"twitter\" target=\"_self\" title=\"\" rel=\"noopener noreferrer\"><svg xmlns=\"https:\/\/www.w3.org\/2000\/svg\" viewBox=\"0 0 512 512\"><path d=\"M459.4 151.7c.325 4.548 .325 9.097 .325 13.65 0 138.7-105.6 298.6-298.6 298.6-59.45 0-114.7-17.22-161.1-47.11 8.447 .974 16.57 1.299 25.34 1.299 49.06 0 94.21-16.57 130.3-44.83-46.13-.975-84.79-31.19-98.11-72.77 6.498 .974 12.99 1.624 19.82 1.624 9.421 0 18.84-1.3 27.61-3.573-48.08-9.747-84.14-51.98-84.14-102.1v-1.299c13.97 7.797 30.21 12.67 47.43 13.32-28.26-18.84-46.78-51.01-46.78-87.39 0-19.49 5.197-37.36 14.29-52.95 51.65 63.67 129.3 105.3 216.4 109.8-1.624-7.797-2.599-15.92-2.599-24.04 0-57.83 46.78-104.9 104.9-104.9 30.21 0 57.5 12.67 76.67 33.14 23.72-4.548 46.46-13.32 66.6-25.34-7.798 24.37-24.37 44.83-46.13 57.83 21.12-2.273 41.58-8.122 60.43-16.24-14.29 20.79-32.16 39.31-52.63 54.25z\"><\/path><\/svg><\/a><\/li><li class=\"uagb-team__social-icon\"><a href=\"https:\/\/www.facebook.com\/interbiznet\/\" aria-label=\"facebook\" target=\"_self\" title=\"\" rel=\"noopener noreferrer\"><svg xmlns=\"https:\/\/www.w3.org\/2000\/svg\" viewBox=\"0 0 512 512\"><path d=\"M504 256C504 119 393 8 256 8S8 119 8 256c0 123.8 90.69 226.4 209.3 245V327.7h-63V256h63v-54.64c0-62.15 37-96.48 93.67-96.48 27.14 0 55.52 4.84 55.52 4.84v61h-31.28c-30.8 0-40.41 19.12-40.41 38.73V256h68.78l-11 71.69h-57.78V501C413.3 482.4 504 379.8 504 256z\"><\/path><\/svg><\/a><\/li><li class=\"uagb-team__social-icon\"><a href=\"https:\/\/www.linkedin.com\/company\/interbiznet\/\" aria-label=\"linkedin\" target=\"_self\" title=\"\" rel=\"noopener noreferrer\"><svg xmlns=\"https:\/\/www.w3.org\/2000\/svg\" viewBox=\"0 0 448 512\"><path d=\"M416 32H31.9C14.3 32 0 46.5 0 64.3v383.4C0 465.5 14.3 480 31.9 480H416c17.6 0 32-14.5 32-32.3V64.3c0-17.8-14.4-32.3-32-32.3zM135.4 416H69V202.2h66.5V416zm-33.2-243c-21.3 0-38.5-17.3-38.5-38.5S80.9 96 102.2 96c21.2 0 38.5 17.3 38.5 38.5 0 21.3-17.2 38.5-38.5 38.5zm282.1 243h-66.4V312c0-24.8-.5-56.7-34.5-56.7-34.6 0-39.9 27-39.9 54.9V416h-66.4V202.2h63.7v29.2h.9c8.9-16.8 30.6-34.5 62.9-34.5 67.2 0 79.7 44.3 79.7 101.9V416z\"><\/path><\/svg><\/a><\/li><li class=\"uagb-team__social-icon\"><a href=\"https:\/\/www.youtube.com\/@InterBizNetSanSalvador\/videos\" aria-label=\"youtube\" target=\"_self\" title=\"\" rel=\"noopener noreferrer\"><svg xmlns=\"https:\/\/www.w3.org\/2000\/svg\" viewBox=\"0 0 576 512\"><path d=\"M549.7 124.1c-6.281-23.65-24.79-42.28-48.28-48.6C458.8 64 288 64 288 64S117.2 64 74.63 75.49c-23.5 6.322-42 24.95-48.28 48.6-11.41 42.87-11.41 132.3-11.41 132.3s0 89.44 11.41 132.3c6.281 23.65 24.79 41.5 48.28 47.82C117.2 448 288 448 288 448s170.8 0 213.4-11.49c23.5-6.321 42-24.17 48.28-47.82 11.41-42.87 11.41-132.3 11.41-132.3s0-89.44-11.41-132.3zm-317.5 213.5V175.2l142.7 81.21-142.7 81.2z\"><\/path><\/svg><\/a><\/li><\/ul><\/div><\/div>\n\n\n\n<div class=\"wp-block-uagb-container uagb-block-7bcc069a\">\n<div class=\"wp-block-uagb-image uagb-block-958bfa03 wp-block-uagb-image--layout-default wp-block-uagb-image--effect-static wp-block-uagb-image--align-none\"><figure class=\"wp-block-uagb-image__figure\"><img decoding=\"async\"  sizes=\"auto, (max-width: 480px) 150px\" src=\"https:\/\/interbiznet.net\/wp-content\/uploads\/2025\/02\/feature3-free-img.png\" alt=\"Image of an accountant working in San Salvador on financial reports\" width=\"430\" height=\"250\" title=\"Certified Accountants in San Salvador \u2013 Expert Tax Support\" loading=\"lazy\" role=\"img\"\/><\/figure><\/div>\n<\/div>\n<\/div>\n<\/div><\/div>\n\n\n\n<div class=\"wp-block-uagb-info-box uagb-block-3956e5cd uagb-infobox__content-wrap  uagb-infobox-icon-above-title uagb-infobox-image-valign-top\"><div class=\"uagb-ifb-content\"><div class=\"uagb-ifb-title-wrap\"><\/div><p class=\"uagb-ifb-desc\"><strong>Experience and Skills:<\/strong><br>She has experience in accounting for income, costs and expenses, reconciliation of bank balances, preparation of VAT books and monthly tax returns. She has also participated in the preparation of financial statements, spreadsheet processing, coding and review of accounts.<br><br>Currently, in her role as Accounting Assistant, she is in charge of the control and accounting records of assigned companies, including tax returns, bank reconciliations, expense processing and preparation of accounting books.<br>\u00a0<br><strong>Languages:<\/strong><br>Spanish.<\/p><\/div><\/div>\n","protected":false},"excerpt":{"rendered":"<p>Jos\u00e9 Mois\u00e9s D\u00edaz Sol\u00f3rzanoAccounting Assistant.Professional with 11 years of experience in the accounting area, currently in the fourth year of the Bachelor&#8217;s Degree in Public Accounting at the Open Modular University of El Salvador. Consolidating an academic background oriented to financial analysis, tax management and accounting administration. This solid base is complemented by her practical&hellip;<\/p>\n","protected":false},"author":5,"featured_media":0,"parent":0,"menu_order":0,"comment_status":"closed","ping_status":"closed","template":"","meta":{"rs_blank_template":"","rs_page_bg_color":"","slide_template_v7":"","_uag_custom_page_level_css":"","_joinchat":[],"footnotes":""},"categories":[],"tags":[],"class_list":["post-10595","page","type-page","status-publish","hentry","description-off"],"yoast_head":"<!-- This site is optimized with the Yoast SEO Premium plugin v27.0 (Yoast SEO v27.3) - https:\/\/yoast.com\/product\/yoast-seo-premium-wordpress\/ -->\n<title>Jos\u00e9 Mois\u00e9s D\u00edaz Sol\u00f3rzano - Accountants in San Salvador<\/title>\n<meta name=\"description\" content=\"His career combines academic knowledge with solid experience in accounting and administrative management in El Salvador.\" \/>\n<meta name=\"robots\" content=\"index, follow, max-snippet:-1, max-image-preview:large, max-video-preview:-1\" \/>\n<link rel=\"canonical\" href=\"https:\/\/interbiznet.net\/en\/accounting-assistant-el-salvador-6\/\" \/>\n<meta property=\"og:locale\" content=\"en_US\" \/>\n<meta property=\"og:type\" content=\"article\" \/>\n<meta property=\"og:title\" content=\"Jos\u00e9 Mois\u00e9s D\u00edaz Sol\u00f3rzano\" \/>\n<meta property=\"og:description\" content=\"His career combines academic knowledge with solid experience in accounting and administrative management in El Salvador.\" \/>\n<meta property=\"og:url\" content=\"https:\/\/interbiznet.net\/en\/accounting-assistant-el-salvador-6\/\" \/>\n<meta property=\"og:site_name\" content=\"Interbiznet - Abogados en El Salvador\" \/>\n<meta property=\"article:publisher\" content=\"https:\/\/www.facebook.com\/interbiznet\/\" \/>\n<meta property=\"article:modified_time\" content=\"2025-07-28T22:50:24+00:00\" \/>\n<meta property=\"og:image\" content=\"https:\/\/interbiznet.net\/wp-content\/uploads\/2025\/02\/feature3-free-img.png\" \/>\n<meta name=\"twitter:card\" content=\"summary_large_image\" \/>\n<meta name=\"twitter:site\" content=\"@InterbiznetSV\" \/>\n<meta name=\"twitter:label1\" content=\"Est. reading time\" \/>\n\t<meta name=\"twitter:data1\" content=\"1 minute\" \/>\n<!-- \/ Yoast SEO Premium plugin. -->","yoast_head_json":{"title":"Jos\u00e9 Mois\u00e9s D\u00edaz Sol\u00f3rzano - Accountants in San Salvador","description":"His career combines academic knowledge with solid experience in accounting and administrative management in El Salvador.","robots":{"index":"index","follow":"follow","max-snippet":"max-snippet:-1","max-image-preview":"max-image-preview:large","max-video-preview":"max-video-preview:-1"},"canonical":"https:\/\/interbiznet.net\/en\/accounting-assistant-el-salvador-6\/","og_locale":"en_US","og_type":"article","og_title":"Jos\u00e9 Mois\u00e9s D\u00edaz Sol\u00f3rzano","og_description":"His career combines academic knowledge with solid experience in accounting and administrative management in El Salvador.","og_url":"https:\/\/interbiznet.net\/en\/accounting-assistant-el-salvador-6\/","og_site_name":"Interbiznet - Abogados en El Salvador","article_publisher":"https:\/\/www.facebook.com\/interbiznet\/","article_modified_time":"2025-07-28T22:50:24+00:00","og_image":[{"url":"https:\/\/interbiznet.net\/wp-content\/uploads\/2025\/02\/feature3-free-img.png","type":"","width":"","height":""}],"twitter_card":"summary_large_image","twitter_site":"@InterbiznetSV","twitter_misc":{"Est. reading time":"1 minute"},"schema":{"@context":"https:\/\/schema.org","@graph":[{"@type":"WebPage","@id":"https:\/\/interbiznet.net\/en\/accounting-assistant-el-salvador-6\/","url":"https:\/\/interbiznet.net\/en\/accounting-assistant-el-salvador-6\/","name":"Jos\u00e9 Mois\u00e9s D\u00edaz Sol\u00f3rzano - Accountants in San Salvador","isPartOf":{"@id":"https:\/\/interbiznet.net\/en\/#website"},"primaryImageOfPage":{"@id":"https:\/\/interbiznet.net\/en\/accounting-assistant-el-salvador-6\/#primaryimage"},"image":{"@id":"https:\/\/interbiznet.net\/en\/accounting-assistant-el-salvador-6\/#primaryimage"},"thumbnailUrl":"https:\/\/interbiznet.net\/wp-content\/uploads\/2025\/02\/feature3-free-img.png","datePublished":"2025-07-28T17:04:12+00:00","dateModified":"2025-07-28T22:50:24+00:00","description":"His career combines academic knowledge with solid experience in accounting and administrative management in El Salvador.","breadcrumb":{"@id":"https:\/\/interbiznet.net\/en\/accounting-assistant-el-salvador-6\/#breadcrumb"},"inLanguage":"en-US","potentialAction":[{"@type":"ReadAction","target":["https:\/\/interbiznet.net\/en\/accounting-assistant-el-salvador-6\/"]}]},{"@type":"ImageObject","inLanguage":"en-US","@id":"https:\/\/interbiznet.net\/en\/accounting-assistant-el-salvador-6\/#primaryimage","url":"https:\/\/interbiznet.net\/wp-content\/uploads\/2025\/02\/feature3-free-img.png","contentUrl":"https:\/\/interbiznet.net\/wp-content\/uploads\/2025\/02\/feature3-free-img.png"},{"@type":"BreadcrumbList","@id":"https:\/\/interbiznet.net\/en\/accounting-assistant-el-salvador-6\/#breadcrumb","itemListElement":[{"@type":"ListItem","position":1,"name":"Home","item":"https:\/\/interbiznet.net\/en\/"},{"@type":"ListItem","position":2,"name":"Jos\u00e9 Mois\u00e9s D\u00edaz Sol\u00f3rzano"}]},{"@type":"WebSite","@id":"https:\/\/interbiznet.net\/en\/#website","url":"https:\/\/interbiznet.net\/en\/","name":"Interbiznet - Abogados en El Salvador","description":"Bufete de abogados de El Salvador","publisher":{"@id":"https:\/\/interbiznet.net\/en\/#organization"},"alternateName":"Interbiznet - Contadores en El Salvador","potentialAction":[{"@type":"SearchAction","target":{"@type":"EntryPoint","urlTemplate":"https:\/\/interbiznet.net\/en\/?s={search_term_string}"},"query-input":{"@type":"PropertyValueSpecification","valueRequired":true,"valueName":"search_term_string"}}],"inLanguage":"en-US"},{"@type":["Organization","Place"],"@id":"https:\/\/interbiznet.net\/en\/#organization","name":"Interbiznet, S.A de C.V.; Firma de abogados y despacho contable en El Salvador","alternateName":"Interbiznet, Firma de Abogados y Despacho Contable","url":"https:\/\/interbiznet.net\/en\/","logo":{"@id":"https:\/\/interbiznet.net\/en\/accounting-assistant-el-salvador-6\/#local-main-organization-logo"},"image":{"@id":"https:\/\/interbiznet.net\/en\/accounting-assistant-el-salvador-6\/#local-main-organization-logo"},"sameAs":["https:\/\/www.facebook.com\/interbiznet\/","https:\/\/x.com\/InterbiznetSV","https:\/\/sv.linkedin.com\/company\/interbiznet","https:\/\/www.youtube.com\/@InterBizNetSanSalvador\/videos","https:\/\/www.instagram.com\/interbiznetsv\/"],"description":"Interbiznet le brinda asesor\u00eda legal y contable integral en El Salvador. Nuestro equipo de expertos le brinda soluciones personalizadas para su empresa, desde la constituci\u00f3n hasta la gesti\u00f3n fiscal. \u00a1Cont\u00e1ctenos hoy!","legalName":"Interbiznet, S.A de C.V.; Firma de abogados y despacho contable en El Salvador","foundingDate":"1992-05-12","numberOfEmployees":{"@type":"QuantitativeValue","minValue":"11","maxValue":"50"},"telephone":[],"openingHoursSpecification":[{"@type":"OpeningHoursSpecification","dayOfWeek":["Monday","Tuesday","Wednesday","Thursday","Friday","Saturday","Sunday"],"opens":"09:00","closes":"17:00"}]},{"@type":"ImageObject","inLanguage":"en-US","@id":"https:\/\/interbiznet.net\/en\/accounting-assistant-el-salvador-6\/#local-main-organization-logo","url":"https:\/\/interbiznet.net\/wp-content\/uploads\/2026\/01\/cropped-abogados-el-salvador-blog-logo-scaled-2.webp","contentUrl":"https:\/\/interbiznet.net\/wp-content\/uploads\/2026\/01\/cropped-abogados-el-salvador-blog-logo-scaled-2.webp","width":1978,"height":1978,"caption":"Interbiznet, S.A de C.V.; Firma de abogados y despacho contable en El Salvador"}]}},"uagb_featured_image_src":{"full":false,"thumbnail":false,"medium":false,"medium_large":false,"large":false,"1536x1536":false,"2048x2048":false,"woocommerce_thumbnail":false,"woocommerce_single":false,"woocommerce_gallery_thumbnail":false},"uagb_author_info":{"display_name":"Sobre el Equipo Legal y Contable de Interbiznet","author_link":"https:\/\/interbiznet.net\/en\/author\/interbiznet-firma-de-abogados-y-despacho-contable\/"},"uagb_comment_info":0,"uagb_excerpt":null,"_links":{"self":[{"href":"https:\/\/interbiznet.net\/en\/wp-json\/wp\/v2\/pages\/10595","targetHints":{"allow":["GET"]}}],"collection":[{"href":"https:\/\/interbiznet.net\/en\/wp-json\/wp\/v2\/pages"}],"about":[{"href":"https:\/\/interbiznet.net\/en\/wp-json\/wp\/v2\/types\/page"}],"author":[{"embeddable":true,"href":"https:\/\/interbiznet.net\/en\/wp-json\/wp\/v2\/users\/5"}],"replies":[{"embeddable":true,"href":"https:\/\/interbiznet.net\/en\/wp-json\/wp\/v2\/comments?post=10595"}],"version-history":[{"count":0,"href":"https:\/\/interbiznet.net\/en\/wp-json\/wp\/v2\/pages\/10595\/revisions"}],"wp:attachment":[{"href":"https:\/\/interbiznet.net\/en\/wp-json\/wp\/v2\/media?parent=10595"}],"wp:term":[{"taxonomy":"category","embeddable":true,"href":"https:\/\/interbiznet.net\/en\/wp-json\/wp\/v2\/categories?post=10595"},{"taxonomy":"post_tag","embeddable":true,"href":"https:\/\/interbiznet.net\/en\/wp-json\/wp\/v2\/tags?post=10595"}],"curies":[{"name":"wp","href":"https:\/\/api.w.org\/{rel}","templated":true}]}}