{"id":6368,"date":"2022-09-12T09:57:06","date_gmt":"2022-09-12T15:57:06","guid":{"rendered":"https:\/\/interbiznet.net\/legal-services-in-el-salvador\/trademark-registration-in-el-salvador\/preguntas-frecuentes-marcas-en-el-salvador\/"},"modified":"2026-03-05T11:48:27","modified_gmt":"2026-03-05T17:48:27","slug":"faq-trademark-registration-in-el-salvador","status":"publish","type":"page","link":"https:\/\/interbiznet.net\/en\/faq-trademark-registration-in-el-salvador\/","title":{"rendered":"Frequently Asked Questions \u2013 Trademarks in El Salvador"},"content":{"rendered":"<div class=\"wpb-content-wrapper\"><p>[vc_row][vc_column][vc_column_text css=&#8221;&#8221;]<\/p>\n<div id=\"wrap\" class=\"page-builder\">\n<div class=\"container\">\n<div class=\"row\">\n<div class=\"col-md-12\">\n<div class=\"blog-lg-area-left\">\n<div class=\"fl-builder-content fl-builder-content-164 fl-builder-content-primary\" data-post-id=\"164\">\n<div class=\"fl-row fl-row-fixed-width fl-row-bg-none fl-node-5d09453407022\" data-node=\"5d09453407022\">\n<div class=\"fl-row-content-wrap\">\n<div class=\"fl-row-content fl-row-fixed-width fl-node-content\">\n<div class=\"fl-col-group fl-node-5d09453413dbc\" data-node=\"5d09453413dbc\">\n<div class=\"fl-col fl-node-5d09453414166\" data-node=\"5d09453414166\">\n<div class=\"fl-col-content fl-node-content\">\n<div class=\"fl-module fl-module-rich-text fl-node-5d09453406c17 fl-animation fl-fade-up fl-animated\" data-node=\"5d09453406c17\" data-animation-delay=\"0\" data-animation-duration=\"1\">\n<div class=\"fl-module-content fl-node-content\">\n<h1>Preguntas Frecuentes sobre el Registro de Marcas en El Salvador<\/h1>\n<div class=\"fl-rich-text\">\n<ol>\n<li>\n<h2>\u00bfQu\u00e9 es el Registro de Marcas en El Salvador?<\/h2>\n<\/li>\n<\/ol>\n<p>El <strong>registro de marcas en El Salvador<\/strong> es el proceso legal mediante el cual una persona f\u00edsica o jur\u00eddica obtiene el derecho exclusivo de utilizar una marca en el territorio salvadore\u00f1o. Este procedimiento es fundamental para proteger la identidad de productos y servicios en el mercado, evitando que terceros usen la misma marca o una similar sin autorizaci\u00f3n.<\/p>\n<h4><\/h4>\n<\/div>\n<\/div>\n<\/div>\n<\/div>\n<\/div>\n<\/div>\n<\/div>\n<\/div>\n<\/div>\n<\/div>\n<\/div>\n<\/div>\n<\/div>\n<\/div>\n<\/div>\n<p>[\/vc_column_text][vc_column_text css=&#8221;&#8221;]<\/p>\n<div id=\"wrap\" class=\"page-builder\">\n<div class=\"container\">\n<div class=\"row\">\n<div class=\"col-md-12\">\n<div class=\"blog-lg-area-left\">\n<div class=\"fl-builder-content fl-builder-content-164 fl-builder-content-primary\" data-post-id=\"164\">\n<div class=\"fl-row fl-row-fixed-width fl-row-bg-none fl-node-5d09453407022\" data-node=\"5d09453407022\">\n<div class=\"fl-row-content-wrap\">\n<div class=\"fl-row-content fl-row-fixed-width fl-node-content\">\n<div class=\"fl-col-group fl-node-5d09453413dbc\" data-node=\"5d09453413dbc\">\n<div class=\"fl-col fl-node-5d09453414166\" data-node=\"5d09453414166\">\n<div class=\"fl-col-content fl-node-content\">\n<div class=\"fl-module fl-module-rich-text fl-node-5d09453406c17 fl-animation fl-fade-up fl-animated\" data-node=\"5d09453406c17\" data-animation-delay=\"0\" data-animation-duration=\"1\">\n<div class=\"fl-module-content fl-node-content\">\n<h3 class=\"fl-rich-text\"><strong><span style=\"font-size: 14px;\">2. \u00bfQu\u00e9 es una marca en El Salvador?<\/span><\/strong><\/h3>\n<div class=\"fl-rich-text\">\n<p style=\"text-align: justify;\">Es todo signo palabra o combinaci\u00f3n de palabras o cualquier otro medio gr\u00e1fico o material, que por sus caracteres especiales es susceptible de distinguir claramente los productos, mercanc\u00edas o servicios de la misma especie o clase, pero de diferente titular.<\/p>\n<\/div>\n<\/div>\n<\/div>\n<\/div>\n<\/div>\n<\/div>\n<\/div>\n<\/div>\n<\/div>\n<\/div>\n<\/div>\n<\/div>\n<\/div>\n<\/div>\n<\/div>\n<p>[\/vc_column_text][vc_column_text css=&#8221;&#8221;]<\/p>\n<div id=\"wrap\" class=\"page-builder\">\n<div class=\"container\">\n<div class=\"row\">\n<div class=\"col-md-12\">\n<div class=\"blog-lg-area-left\">\n<div class=\"fl-builder-content fl-builder-content-164 fl-builder-content-primary\" data-post-id=\"164\">\n<div class=\"fl-row fl-row-fixed-width fl-row-bg-none fl-node-5d09453407022\" data-node=\"5d09453407022\">\n<div class=\"fl-row-content-wrap\">\n<div class=\"fl-row-content fl-row-fixed-width fl-node-content\">\n<div class=\"fl-col-group fl-node-5d09453413dbc\" data-node=\"5d09453413dbc\">\n<div class=\"fl-col fl-node-5d09453414166\" data-node=\"5d09453414166\">\n<div class=\"fl-col-content fl-node-content\">\n<div class=\"fl-module fl-module-rich-text fl-node-5d09453406c17 fl-animation fl-fade-up fl-animated\" data-node=\"5d09453406c17\" data-animation-delay=\"0\" data-animation-duration=\"1\">\n<div class=\"fl-module-content fl-node-content\">\n<h4>3. \u00bfCu\u00e1l es la vigencia de una marca registrada en El Salvador?<\/h4>\n<div class=\"fl-rich-text\">\n<p style=\"text-align: justify;\">Una marca en El Salvador, tiene un plazo de duraci\u00f3n de 10 a\u00f1os, que <a title=\"Renovaci\u00f3n de marcas en El Salvador\" href=\"https:\/\/interbiznet.net\/renovacion-de-marcas-en-el-salvador\/\" target=\"_blank\" rel=\"noopener\">podr\u00e1n ser renovados<\/a> por otros t\u00e9rminos iguales indefinidamente llen\u00e1ndose los requisitos legales correspondientes.<\/p>\n<\/div>\n<\/div>\n<\/div>\n<\/div>\n<\/div>\n<\/div>\n<\/div>\n<\/div>\n<\/div>\n<\/div>\n<\/div>\n<\/div>\n<\/div>\n<\/div>\n<\/div>\n<p>[\/vc_column_text][vc_column_text css=&#8221;&#8221;]<\/p>\n<h3>4. \u00bfPor qu\u00e9 es importante registrar una marca en El Salvador?<\/h3>\n<p>Registrar una marca ofrece protecci\u00f3n legal frente a posibles infracciones y uso no autorizado por parte de terceros. Adem\u00e1s, otorga derechos exclusivos sobre el uso de la marca en el territorio salvadore\u00f1o.<\/p>\n<h3><\/h3>\n<p>[\/vc_column_text][vc_column_text css=&#8221;&#8221;]<\/p>\n<h3>\u00a05. \u00bfD\u00f3nde se realiza el registro de marcas en El Salvador?<\/h3>\n<p>El registro de marcas se realiza ante el Centro Nacional de Registros (<a title=\"Centro Nacional de Registros en El Salvador\" href=\"https:\/\/www.cnr.gob.sv\/\" target=\"_blank\" rel=\"noopener\">CNR<\/a>), espec\u00edficamente en la Direcci\u00f3n de Propiedad Intelectual.<\/p>\n<h3><\/h3>\n<p>[\/vc_column_text][vc_column_text css=&#8221;&#8221;]<\/p>\n<div id=\"wrap\" class=\"page-builder\">\n<div class=\"container\">\n<div class=\"row\">\n<div class=\"col-md-12\">\n<div class=\"blog-lg-area-left\">\n<div class=\"fl-builder-content fl-builder-content-164 fl-builder-content-primary\" data-post-id=\"164\">\n<div class=\"fl-row fl-row-fixed-width fl-row-bg-none fl-node-5d09453407022\" data-node=\"5d09453407022\">\n<div class=\"fl-row-content-wrap\">\n<div class=\"fl-row-content fl-row-fixed-width fl-node-content\">\n<div class=\"fl-col-group fl-node-5d09453413dbc\" data-node=\"5d09453413dbc\">\n<div class=\"fl-col fl-node-5d09453414166\" data-node=\"5d09453414166\">\n<div class=\"fl-col-content fl-node-content\">\n<div class=\"fl-module fl-module-rich-text fl-node-5d09453406c17 fl-animation fl-fade-up fl-animated\" data-node=\"5d09453406c17\" data-animation-delay=\"0\" data-animation-duration=\"1\">\n<div class=\"fl-module-content fl-node-content\">\n<div class=\"fl-rich-text\">\n<h3>6. \u00bfPor qu\u00e9 registrar marcas o inventos u otros servicios en El Salvador?<\/h3>\n<p style=\"text-align: justify;\">Cada uno de ellos representan una promesa de \u00e9xito para quienes los lanzan al mercado, todo el proceso de desarrollo de un invento o una marca u otro signo distintivo necesita fuerte inversi\u00f3n de tiempo e investigaci\u00f3n de toda naturaleza, solamente registr\u00e1ndola asegura la legitimidad de Derecho Exclusivo de la explotaci\u00f3n en el Comercio.<\/p>\n<\/div>\n<\/div>\n<\/div>\n<\/div>\n<\/div>\n<\/div>\n<\/div>\n<\/div>\n<\/div>\n<\/div>\n<\/div>\n<\/div>\n<\/div>\n<\/div>\n<\/div>\n<div>\n<div><\/div>\n<\/div>\n<p>[\/vc_column_text][vc_column_text css=&#8221;&#8221;]<\/p>\n<div id=\"wrap\" class=\"page-builder\">\n<div class=\"container\">\n<div class=\"row\">\n<div class=\"col-md-12\">\n<div class=\"blog-lg-area-left\">\n<div class=\"fl-builder-content fl-builder-content-164 fl-builder-content-primary\" data-post-id=\"164\">\n<div class=\"fl-row fl-row-fixed-width fl-row-bg-none fl-node-5d09453407022\" data-node=\"5d09453407022\">\n<div class=\"fl-row-content-wrap\">\n<div class=\"fl-row-content fl-row-fixed-width fl-node-content\">\n<div class=\"fl-col-group fl-node-5d09453413dbc\" data-node=\"5d09453413dbc\">\n<div class=\"fl-col fl-node-5d09453414166\" data-node=\"5d09453414166\">\n<div class=\"fl-col-content fl-node-content\">\n<div class=\"fl-module fl-module-rich-text fl-node-5d09453406c17 fl-animation fl-fade-up fl-animated\" data-node=\"5d09453406c17\" data-animation-delay=\"0\" data-animation-duration=\"1\">\n<div class=\"fl-module-content fl-node-content\">\n<div class=\"fl-rich-text\">\n<h4>7. \u00bfQu\u00e9 se debe hacer para el registro de marcas en El Salvador?<\/h4>\n<p style=\"text-align: justify;\">Hacer una b\u00fasqueda de anterioridades del nombre que desea registrar para identificar si existen marcas inscritas o presentadas id\u00e9nticas o similares utiliz\u00e1ndolas para productos, empresas o servicios.<\/p>\n<p style=\"text-align: justify;\">Que la marca u otro signo no debe ir en contra de la moral y las buenas costumbres.<\/p>\n<\/div>\n<\/div>\n<\/div>\n<\/div>\n<\/div>\n<\/div>\n<\/div>\n<\/div>\n<\/div>\n<\/div>\n<\/div>\n<\/div>\n<\/div>\n<\/div>\n<\/div>\n<div>\n<div><\/div>\n<\/div>\n<p>[\/vc_column_text][vc_column_text css=&#8221;&#8221;]<\/p>\n<h4>8. \u00bfQui\u00e9n solicita una marca u otro signo en El Salvador?<\/h4>\n<p style=\"text-align: justify;\">Toda persona natural o jur\u00eddica<\/p>\n<p>[\/vc_column_text][vc_column_text css=&#8221;&#8221;]<\/p>\n<h4 class=\"wpsm_panel-title\">9. \u00bfQu\u00e9 son los derecho de Autor en El Salvador?<\/h4>\n<p>Es el reconocimiento a favor del creador de obras art\u00edsticas y literarias por medio del cual se otorga protecci\u00f3n para que el autor tenga el derecho de propiedad exclusivo de car\u00e1cter moral y patrimonial.[\/vc_column_text][vc_column_text css=&#8221;&#8221;]<\/p>\n<h4 class=\"wpsm_panel-title\">10. \u00bfQu\u00e9 es un Modelo de Utilidad?<\/h4>\n<p>Es toda forma, configuraci\u00f3n o disposici\u00f3n de elementos de alg\u00fan artefacto, herramienta, instrumento, mecanismo u otro objeto, o de alguna parte del mismo que permita un mejor o diferente funcionamiento, utilizaci\u00f3n o fabricaci\u00f3n del objeto que lo incorpora o que le proporcione alguna utilidad, ventaja o efecto t\u00e9cnico que antes no se ten\u00eda. En El Salvador, el plazo de duraci\u00f3n de un registro de modelo de utilidad tiene un plazo de 10 a\u00f1os improrrogables, contados a partir de la fecha de la presentaci\u00f3n de la solicitud.[\/vc_column_text][vc_column_text css=&#8221;&#8221;]<\/p>\n<div id=\"wrap\" class=\"page-builder\">\n<div class=\"container\">\n<div class=\"row\">\n<div class=\"col-md-12\">\n<div class=\"blog-lg-area-left\">\n<div class=\"fl-builder-content fl-builder-content-164 fl-builder-content-primary\" data-post-id=\"164\">\n<div class=\"fl-row fl-row-fixed-width fl-row-bg-none fl-node-5d09453407022\" data-node=\"5d09453407022\">\n<div class=\"fl-row-content-wrap\">\n<div class=\"fl-row-content fl-row-fixed-width fl-node-content\">\n<div class=\"fl-col-group fl-node-5d09453413dbc\" data-node=\"5d09453413dbc\">\n<div class=\"fl-col fl-node-5d09453414166\" data-node=\"5d09453414166\">\n<div class=\"fl-col-content fl-node-content\">\n<div class=\"fl-module fl-module-rich-text fl-node-5d09453406c17 fl-animation fl-fade-up fl-animated\" data-node=\"5d09453406c17\" data-animation-delay=\"0\" data-animation-duration=\"1\">\n<div class=\"fl-module-content fl-node-content\">\n<div class=\"fl-rich-text\">\n<h3>11. \u00bfPor qu\u00e9 registrar su propiedad intelectual en El Salvador?<\/h3>\n<p style=\"text-align: justify;\">D\u00eda a d\u00eda la <a href=\"https:\/\/interbiznet.net\/servicios-legales-en-el-salvador\/registro-de-marcas-en-el-salvador\/\">propiedad intelectual<\/a> en El Salvador es un activo cada vez m\u00e1s valioso para sus due\u00f1os, el desarrollo de una marca en El Salvador, su lanzamiento y posicionamiento en el mercado, las innovaciones, inventos o derechos de propiedad sobre una creaci\u00f3n humana realizada con esfuerzo, merece y debe ser protegida y asegurada de usos deshonestos por terceros que no han invertido nada y \u00fanicamente desean lucrarse del trabajo ajeno.<\/p>\n<\/div>\n<\/div>\n<\/div>\n<\/div>\n<\/div>\n<\/div>\n<\/div>\n<\/div>\n<\/div>\n<\/div>\n<\/div>\n<\/div>\n<\/div>\n<\/div>\n<\/div>\n<div>\n<div><\/div>\n<\/div>\n<p>[\/vc_column_text][vc_column_text css=&#8221;&#8221;]<img decoding=\"async\" class=\"aligncenter wp-image-5552\" src=\"https:\/\/interbiznet.net\/wp-content\/uploads\/2022\/09\/registro-marcas.png\" alt=\"Registro de Marcas en El Salvador\" width=\"300\" height=\"300\" srcset=\"https:\/\/interbiznet.net\/wp-content\/uploads\/2022\/09\/registro-marcas.png 300w, https:\/\/interbiznet.net\/wp-content\/uploads\/2022\/09\/registro-marcas-200x200.png 200w\" sizes=\"(max-width: 300px) 100vw, 300px\" \/>[\/vc_column_text][\/vc_column][\/vc_row][vc_row][vc_column width=&#8221;2\/3&#8243;][vc_column_text]<\/p>\n<div>\n<p>[\/vc_column_text][vc_cta h2=&#8221;\u00bfNecesitas asesor\u00eda para el registro de marca en El Salvador?&#8221; h2_font_container=&#8221;tag:h3|text_align:left&#8221; h2_use_theme_fonts=&#8221;yes&#8221; add_button=&#8221;bottom&#8221; btn_title=&#8221;Iniciar Asesor\u00eda&#8221; btn_color=&#8221;green&#8221; btn_i_icon_fontawesome=&#8221;fab fa-whatsapp&#8221; use_custom_fonts_h2=&#8221;true&#8221; btn_add_icon=&#8221;true&#8221; btn_link=&#8221;url:https%3A%2F%2Fwa.me%2F50325280303%3Ftext%3DHola%2C%2520me%2520gustaria%2520obtener%2520asesor%C3%ADa%2520legal%2520por%2520parte%2520de%2520ustedes.|title:%28%2B503%29%202528-0303|&#8221;]\u00a1Cont\u00e1ctanos hoy mismo y obt\u00e9n asesor\u00eda personalizada!<\/p>\n<div>\n<a href=\"#\" class=\"pps-btn pps-button-popup-6780 pps-button-popup \"  title=\"Solicitar Consulta\">Solicitar Consulta<\/a>\n<\/div>\n<p>[\/vc_cta][\/vc_column][vc_column width=&#8221;1\/3&#8243;][\/vc_column][\/vc_row][vc_row][vc_column][vc_column_text]<\/p>\n<\/div>\n<p>[\/vc_column_text][\/vc_column][\/vc_row]<\/p>\n<\/div>","protected":false},"excerpt":{"rendered":"<p>[vc_row][vc_column][vc_column_text css=&#8221;&#8221;] Preguntas Frecuentes sobre el Registro de Marcas en El Salvador \u00bfQu\u00e9 es el Registro de Marcas en El Salvador? El registro de marcas en El Salvador es el proceso legal mediante el cual una persona f\u00edsica o jur\u00eddica obtiene el derecho exclusivo de utilizar una marca en el territorio salvadore\u00f1o. Este procedimiento es&hellip;<\/p>\n","protected":false},"author":1,"featured_media":0,"parent":0,"menu_order":0,"comment_status":"closed","ping_status":"closed","template":"","meta":{"rs_blank_template":"","rs_page_bg_color":"","slide_template_v7":"","_uag_custom_page_level_css":"","_joinchat":[],"footnotes":""},"categories":[],"tags":[319,320,321,324],"class_list":["post-6368","page","type-page","status-publish","hentry","tag-constitucion-de-empresa-en-el-salvador-en","tag-documentos-necesarios-para-inscribir-una-empresa-en-el-salvador-en","tag-formalidades-para-iniciar-un-negocio-en-el-salvador-en","tag-procedimiento-de-registro-empresarial-en-el-salvador-en","description-off"],"yoast_head":"<!-- This site is optimized with the Yoast SEO Premium plugin v27.3 (Yoast SEO v27.3) - https:\/\/yoast.com\/product\/yoast-seo-premium-wordpress\/ -->\n<title>FAQ about trademark registration in El Salvador<\/title>\n<meta name=\"description\" content=\"If you have questions about trademark registration in El Salvador, read our section of the most frequently asked questions on this topic.\" \/>\n<meta name=\"robots\" content=\"index, follow, max-snippet:-1, max-image-preview:large, max-video-preview:-1\" \/>\n<link rel=\"canonical\" href=\"https:\/\/interbiznet.net\/en\/faq-trademark-registration-in-el-salvador\/\" \/>\n<meta property=\"og:locale\" content=\"en_US\" \/>\n<meta property=\"og:type\" content=\"article\" \/>\n<meta property=\"og:title\" content=\"FAQ about trademark registration in El Salvador\" \/>\n<meta property=\"og:description\" content=\"If you have questions about trademark registration in El Salvador, read our section of the most frequently asked questions on this topic.\" \/>\n<meta property=\"og:url\" content=\"https:\/\/interbiznet.net\/en\/faq-trademark-registration-in-el-salvador\/\" \/>\n<meta property=\"og:site_name\" content=\"Interbiznet - Abogados en El Salvador\" \/>\n<meta property=\"article:publisher\" content=\"https:\/\/www.facebook.com\/interbiznet\/\" \/>\n<meta property=\"article:modified_time\" content=\"2026-03-05T17:48:27+00:00\" \/>\n<meta property=\"og:image\" content=\"https:\/\/interbiznet.net\/wp-content\/uploads\/2022\/09\/registro-marcas.png\" \/>\n\t<meta property=\"og:image:width\" content=\"300\" \/>\n\t<meta property=\"og:image:height\" content=\"300\" \/>\n\t<meta property=\"og:image:type\" content=\"image\/png\" \/>\n<meta name=\"twitter:card\" content=\"summary_large_image\" \/>\n<meta name=\"twitter:title\" content=\"FAQ about trademark registration in El Salvador\" \/>\n<meta name=\"twitter:description\" content=\"If you have questions about trademark registration in El Salvador, read our section of the most frequently asked questions on this topic.\" \/>\n<meta name=\"twitter:site\" content=\"@InterbiznetSV\" \/>\n<meta name=\"twitter:label1\" content=\"Est. reading time\" \/>\n\t<meta name=\"twitter:data1\" content=\"2 minutes\" \/>\n<!-- \/ Yoast SEO Premium plugin. -->","yoast_head_json":{"title":"FAQ about trademark registration in El Salvador","description":"If you have questions about trademark registration in El Salvador, read our section of the most frequently asked questions on this topic.","robots":{"index":"index","follow":"follow","max-snippet":"max-snippet:-1","max-image-preview":"max-image-preview:large","max-video-preview":"max-video-preview:-1"},"canonical":"https:\/\/interbiznet.net\/en\/faq-trademark-registration-in-el-salvador\/","og_locale":"en_US","og_type":"article","og_title":"FAQ about trademark registration in El Salvador","og_description":"If you have questions about trademark registration in El Salvador, read our section of the most frequently asked questions on this topic.","og_url":"https:\/\/interbiznet.net\/en\/faq-trademark-registration-in-el-salvador\/","og_site_name":"Interbiznet - Abogados en El Salvador","article_publisher":"https:\/\/www.facebook.com\/interbiznet\/","article_modified_time":"2026-03-05T17:48:27+00:00","og_image":[{"width":300,"height":300,"url":"https:\/\/interbiznet.net\/wp-content\/uploads\/2022\/09\/registro-marcas.png","type":"image\/png"}],"twitter_card":"summary_large_image","twitter_title":"FAQ about trademark registration in El Salvador","twitter_description":"If you have questions about trademark registration in El Salvador, read our section of the most frequently asked questions on this topic.","twitter_site":"@InterbiznetSV","twitter_misc":{"Est. reading time":"2 minutes"},"schema":{"@context":"https:\/\/schema.org","@graph":[{"@type":"WebPage","@id":"https:\/\/interbiznet.net\/en\/faq-trademark-registration-in-el-salvador\/","url":"https:\/\/interbiznet.net\/en\/faq-trademark-registration-in-el-salvador\/","name":"FAQ about trademark registration in El Salvador","isPartOf":{"@id":"https:\/\/interbiznet.net\/en\/#website"},"primaryImageOfPage":{"@id":"https:\/\/interbiznet.net\/en\/faq-trademark-registration-in-el-salvador\/#primaryimage"},"image":{"@id":"https:\/\/interbiznet.net\/en\/faq-trademark-registration-in-el-salvador\/#primaryimage"},"thumbnailUrl":"https:\/\/interbiznet.net\/wp-content\/uploads\/2022\/09\/registro-marcas.png","datePublished":"2022-09-12T15:57:06+00:00","dateModified":"2026-03-05T17:48:27+00:00","description":"If you have questions about trademark registration in El Salvador, read our section of the most frequently asked questions on this topic.","breadcrumb":{"@id":"https:\/\/interbiznet.net\/en\/faq-trademark-registration-in-el-salvador\/#breadcrumb"},"inLanguage":"en-US","potentialAction":[{"@type":"ReadAction","target":["https:\/\/interbiznet.net\/en\/faq-trademark-registration-in-el-salvador\/"]}]},{"@type":"ImageObject","inLanguage":"en-US","@id":"https:\/\/interbiznet.net\/en\/faq-trademark-registration-in-el-salvador\/#primaryimage","url":"https:\/\/interbiznet.net\/wp-content\/uploads\/2022\/09\/registro-marcas.png","contentUrl":"https:\/\/interbiznet.net\/wp-content\/uploads\/2022\/09\/registro-marcas.png"},{"@type":"BreadcrumbList","@id":"https:\/\/interbiznet.net\/en\/faq-trademark-registration-in-el-salvador\/#breadcrumb","itemListElement":[{"@type":"ListItem","position":1,"name":"Home","item":"https:\/\/interbiznet.net\/en\/"},{"@type":"ListItem","position":2,"name":"Frequently Asked Questions \u2013 Trademarks in El Salvador"}]},{"@type":"WebSite","@id":"https:\/\/interbiznet.net\/en\/#website","url":"https:\/\/interbiznet.net\/en\/","name":"Interbiznet - Abogados en El Salvador","description":"Bufete de abogados de El Salvador","publisher":{"@id":"https:\/\/interbiznet.net\/en\/#organization"},"alternateName":"Interbiznet - Contadores en El Salvador","potentialAction":[{"@type":"SearchAction","target":{"@type":"EntryPoint","urlTemplate":"https:\/\/interbiznet.net\/en\/?s={search_term_string}"},"query-input":{"@type":"PropertyValueSpecification","valueRequired":true,"valueName":"search_term_string"}}],"inLanguage":"en-US"},{"@type":["Organization","Place"],"@id":"https:\/\/interbiznet.net\/en\/#organization","name":"Interbiznet, S.A de C.V.; Firma de abogados y despacho contable en El Salvador","alternateName":"Interbiznet, Firma de Abogados y Despacho Contable","url":"https:\/\/interbiznet.net\/en\/","logo":{"@id":"https:\/\/interbiznet.net\/en\/faq-trademark-registration-in-el-salvador\/#local-main-organization-logo"},"image":{"@id":"https:\/\/interbiznet.net\/en\/faq-trademark-registration-in-el-salvador\/#local-main-organization-logo"},"sameAs":["https:\/\/www.facebook.com\/interbiznet\/","https:\/\/x.com\/InterbiznetSV","https:\/\/sv.linkedin.com\/company\/interbiznet","https:\/\/www.youtube.com\/@InterBizNetSanSalvador\/videos","https:\/\/www.instagram.com\/interbiznetsv\/"],"description":"Interbiznet le brinda asesor\u00eda legal y contable integral en El Salvador. Nuestro equipo de expertos le brinda soluciones personalizadas para su empresa, desde la constituci\u00f3n hasta la gesti\u00f3n fiscal. \u00a1Cont\u00e1ctenos hoy!","legalName":"Interbiznet, S.A de C.V.; Firma de abogados y despacho contable en El Salvador","foundingDate":"1992-05-12","numberOfEmployees":{"@type":"QuantitativeValue","minValue":"11","maxValue":"50"},"telephone":[],"openingHoursSpecification":[{"@type":"OpeningHoursSpecification","dayOfWeek":["Monday","Tuesday","Wednesday","Thursday","Friday","Saturday","Sunday"],"opens":"09:00","closes":"17:00"}]},{"@type":"ImageObject","inLanguage":"en-US","@id":"https:\/\/interbiznet.net\/en\/faq-trademark-registration-in-el-salvador\/#local-main-organization-logo","url":"https:\/\/interbiznet.net\/wp-content\/uploads\/2026\/01\/cropped-abogados-el-salvador-blog-logo-scaled-2.webp","contentUrl":"https:\/\/interbiznet.net\/wp-content\/uploads\/2026\/01\/cropped-abogados-el-salvador-blog-logo-scaled-2.webp","width":1978,"height":1978,"caption":"Interbiznet, S.A de C.V.; Firma de abogados y despacho contable en El Salvador"}]}},"uagb_featured_image_src":{"full":false,"thumbnail":false,"medium":false,"medium_large":false,"large":false,"1536x1536":false,"2048x2048":false,"woocommerce_thumbnail":false,"woocommerce_single":false,"woocommerce_gallery_thumbnail":false},"uagb_author_info":{"display_name":"interbiznet-master","author_link":"https:\/\/interbiznet.net\/en\/author\/interbiznet-master\/"},"uagb_comment_info":0,"uagb_excerpt":"[vc_row][vc_column][vc_column_text css=&#8221;&#8221;] Preguntas Frecuentes sobre el Registro de Marcas en El Salvador \u00bfQu\u00e9 es el Registro de Marcas en El Salvador? El registro de marcas en El Salvador es el proceso legal mediante el cual una persona f\u00edsica o jur\u00eddica obtiene el derecho exclusivo de utilizar una marca en el territorio salvadore\u00f1o. Este procedimiento es&hellip;","_links":{"self":[{"href":"https:\/\/interbiznet.net\/en\/wp-json\/wp\/v2\/pages\/6368","targetHints":{"allow":["GET"]}}],"collection":[{"href":"https:\/\/interbiznet.net\/en\/wp-json\/wp\/v2\/pages"}],"about":[{"href":"https:\/\/interbiznet.net\/en\/wp-json\/wp\/v2\/types\/page"}],"author":[{"embeddable":true,"href":"https:\/\/interbiznet.net\/en\/wp-json\/wp\/v2\/users\/1"}],"replies":[{"embeddable":true,"href":"https:\/\/interbiznet.net\/en\/wp-json\/wp\/v2\/comments?post=6368"}],"version-history":[{"count":2,"href":"https:\/\/interbiznet.net\/en\/wp-json\/wp\/v2\/pages\/6368\/revisions"}],"predecessor-version":[{"id":11920,"href":"https:\/\/interbiznet.net\/en\/wp-json\/wp\/v2\/pages\/6368\/revisions\/11920"}],"wp:attachment":[{"href":"https:\/\/interbiznet.net\/en\/wp-json\/wp\/v2\/media?parent=6368"}],"wp:term":[{"taxonomy":"category","embeddable":true,"href":"https:\/\/interbiznet.net\/en\/wp-json\/wp\/v2\/categories?post=6368"},{"taxonomy":"post_tag","embeddable":true,"href":"https:\/\/interbiznet.net\/en\/wp-json\/wp\/v2\/tags?post=6368"}],"curies":[{"name":"wp","href":"https:\/\/api.w.org\/{rel}","templated":true}]}}